{"id":42,"date":"2022-05-06T08:13:11","date_gmt":"2022-05-06T08:13:11","guid":{"rendered":"https:\/\/fitnesskobiet.pl\/?page_id=42"},"modified":"2022-05-06T20:13:39","modified_gmt":"2022-05-06T20:13:39","slug":"dziekuje-2","status":"publish","type":"page","link":"https:\/\/fitnesskobiet.pl\/?page_id=42","title":{"rendered":"Dzi\u0119kuj\u0119!"},"content":{"rendered":"<p>[et_pb_section fb_built=&#8221;1&#8243; admin_label=&#8221;Call to Action&#8221; _builder_version=&#8221;4.14.8&#8243; _module_preset=&#8221;default&#8221; background_color=&#8221;#ffeadd&#8221; custom_padding=&#8221;37px||0px|||&#8221; hover_enabled=&#8221;0&#8243; global_colors_info=&#8221;{}&#8221; theme_builder_area=&#8221;post_content&#8221; sticky_enabled=&#8221;0&#8243;][et_pb_row column_structure=&#8221;1_2,1_2&#8243; _builder_version=&#8221;4.14.6&#8243; _module_preset=&#8221;default&#8221; global_colors_info=&#8221;{}&#8221; theme_builder_area=&#8221;post_content&#8221;][et_pb_column type=&#8221;1_2&#8243; _builder_version=&#8221;4.14.5&#8243; _module_preset=&#8221;default&#8221; global_colors_info=&#8221;{}&#8221; theme_builder_area=&#8221;post_content&#8221;][et_pb_image src=&#8221;https:\/\/fitnesskobiet.pl\/wp-content\/uploads\/2022\/05\/Studio-Fit-me-sprawdz-typ-swojej-sylwetki.jpg&#8221; title_text=&#8221;Studio-Fit-me-sprawdz-typ-swojej-sylwetki&#8221; _builder_version=&#8221;4.14.8&#8243; _module_preset=&#8221;default&#8221; z_index=&#8221;1&#8243; width=&#8221;100%&#8221; module_alignment=&#8221;right&#8221; hover_enabled=&#8221;0&#8243; module_alignment_tablet=&#8221;center&#8221; module_alignment_phone=&#8221;center&#8221; module_alignment_last_edited=&#8221;on|phone&#8221; border_radii=&#8221;off||||&#8221; global_colors_info=&#8221;{}&#8221; theme_builder_area=&#8221;post_content&#8221; sticky_enabled=&#8221;0&#8243;][\/et_pb_image][\/et_pb_column][et_pb_column type=&#8221;1_2&#8243; _builder_version=&#8221;4.14.5&#8243; _module_preset=&#8221;default&#8221; global_colors_info=&#8221;{}&#8221; theme_builder_area=&#8221;post_content&#8221;][et_pb_text _builder_version=&#8221;4.14.8&#8243; _module_preset=&#8221;b6cb9bd8-0fbd-4699-b58d-51b3d480db23&#8243; text_font=&#8221;Advent Pro|700|||||||&#8221; text_text_color=&#8221;#000000&#8243; text_font_size=&#8221;36px&#8221; text_line_height=&#8221;1.1em&#8221; header_2_font=&#8221;Abhaya Libre|700|||||||&#8221; header_2_text_color=&#8221;#993366&#8243; header_2_font_size=&#8221;57px&#8221; header_2_line_height=&#8221;0.95em&#8221; header_6_font=&#8221;Abhaya Libre||||||||&#8221; header_6_text_align=&#8221;center&#8221; header_6_text_color=&#8221;#000000&#8243; header_6_font_size=&#8221;20px&#8221; text_orientation=&#8221;center&#8221; custom_margin=&#8221;||10px||false|false&#8221; text_font_size_tablet=&#8221;24px&#8221; text_font_size_phone=&#8221;16px&#8221; text_font_size_last_edited=&#8221;on|phone&#8221; header_2_font_size_tablet=&#8221;32px&#8221; header_2_font_size_phone=&#8221;24px&#8221; header_2_font_size_last_edited=&#8221;on|phone&#8221; global_colors_info=&#8221;{}&#8221; theme_builder_area=&#8221;post_content&#8221;]<\/p>\n<h2><span style=\"color: #319885;\">POBIERZ PDF<\/span><\/h2>\n<p>Wszystko przebieg\u0142o poprawnie i ju\u017c jeste\u015b zapisana!<\/p>\n<h6><\/h6>\n<h6>Webinar rozpocznie si\u0119 data\/godzina i dostaniesz osobno powiadomienie na e-mail na godzin\u0119 przed rozpocz\u0119ciem.<\/h6>\n<p>[\/et_pb_text][et_pb_button button_text=&#8221;POBIERZ PREZENT&#8221; button_alignment=&#8221;center&#8221; _builder_version=&#8221;4.14.8&#8243; _module_preset=&#8221;default&#8221; custom_button=&#8221;on&#8221; button_text_size=&#8221;40px&#8221; button_text_color=&#8221;#FFFFFF&#8221; button_bg_color=&#8221;#319885&#8243; button_border_color=&#8221;#452f54&#8243; button_border_radius=&#8221;50px&#8221; button_font=&#8221;|||on|||||&#8221; button_icon_color=&#8221;#FFFFFF&#8221; hover_enabled=&#8221;0&#8243; global_colors_info=&#8221;{}&#8221; theme_builder_area=&#8221;post_content&#8221; sticky_enabled=&#8221;0&#8243; button_url=&#8221;https:\/\/drive.google.com\/file\/d\/1p8Pr9yPxHPr6ulccC6PkJQ6s1HWHk1pN\/view?usp=sharing&#8221; button_bg_enable_color=&#8221;on&#8221;][\/et_pb_button][et_pb_countdown_timer title=&#8221;transmisja live w \u015brod\u0119 godz 21 &#8221; date_time=&#8221;2022-04-27 01:03&#8243; _builder_version=&#8221;4.14.8&#8243; _module_preset=&#8221;default&#8221; header_font=&#8221;Cormorant Infant|||on|||||&#8221; header_text_color=&#8221;#442854&#8243; numbers_font=&#8221;Cormorant Infant||||||||&#8221; numbers_text_color=&#8221;#442854&#8243; numbers_font_size=&#8221;58px&#8221; numbers_letter_spacing=&#8221;2px&#8221; numbers_line_height=&#8221;58px&#8221; label_text_color=&#8221;rgba(0,0,0,0.58)&#8221; background_enable_color=&#8221;off&#8221; numbers_text_shadow_style=&#8221;preset3&#8243; numbers_text_shadow_color=&#8221;rgba(0,0,0,0.3)&#8221; global_colors_info=&#8221;{}&#8221; theme_builder_area=&#8221;post_content&#8221;][\/et_pb_countdown_timer][\/et_pb_column][\/et_pb_row][\/et_pb_section][et_pb_section fb_built=&#8221;1&#8243; admin_label=&#8221;Header&#8221; _builder_version=&#8221;4.14.8&#8243; _module_preset=&#8221;default&#8221; background_color=&#8221;#ffeadd&#8221; overflow-x=&#8221;hidden&#8221; overflow-y=&#8221;hidden&#8221; custom_padding=&#8221;28px||0px||false|false&#8221; hover_enabled=&#8221;0&#8243; global_colors_info=&#8221;{}&#8221; theme_builder_area=&#8221;post_content&#8221; sticky_enabled=&#8221;0&#8243;][et_pb_row column_structure=&#8221;3_4,1_4&#8243; _builder_version=&#8221;4.14.6&#8243; _module_preset=&#8221;default&#8221; z_index=&#8221;24&#8243; custom_padding=&#8221;||0px|||&#8221; hover_enabled=&#8221;0&#8243; global_colors_info=&#8221;{}&#8221; theme_builder_area=&#8221;post_content&#8221; sticky_enabled=&#8221;0&#8243;][et_pb_column type=&#8221;3_4&#8243; _builder_version=&#8221;4.14.5&#8243; _module_preset=&#8221;default&#8221; global_colors_info=&#8221;{}&#8221; theme_builder_area=&#8221;post_content&#8221;][et_pb_text _builder_version=&#8221;4.14.8&#8243; _module_preset=&#8221;b53a70bb-9f62-4ee5-b34f-c7a321ddbf6c&#8221; header_font=&#8221;Cormorant Infant|700|||||||&#8221; header_text_color=&#8221;#319885&#8243; header_font_size=&#8221;130px&#8221; header_line_height=&#8221;0.8em&#8221; custom_margin=&#8221;||||false|false&#8221; hover_enabled=&#8221;0&#8243; header_font_size_tablet=&#8221;60px&#8221; header_font_size_phone=&#8221;40px&#8221; header_font_size_last_edited=&#8221;on|phone&#8221; global_colors_info=&#8221;{}&#8221; theme_builder_area=&#8221;post_content&#8221; text_text_color=&#8221;#319885&#8243; sticky_enabled=&#8221;0&#8243;]<\/p>\n<h1>Czy marzysz o p\u0142askim brzuchu?<\/h1>\n<p>[\/et_pb_text][\/et_pb_column][et_pb_column type=&#8221;1_4&#8243; _builder_version=&#8221;4.14.5&#8243; _module_preset=&#8221;default&#8221; global_colors_info=&#8221;{}&#8221; theme_builder_area=&#8221;post_content&#8221;][\/et_pb_column][\/et_pb_row][et_pb_row column_structure=&#8221;2_5,3_5&#8243; custom_padding_last_edited=&#8221;on|phone&#8221; _builder_version=&#8221;4.14.6&#8243; _module_preset=&#8221;default&#8221; custom_padding=&#8221;||0px|||&#8221; custom_padding_tablet=&#8221;0px||||false|false&#8221; custom_padding_phone=&#8221;0px||||false|false&#8221; global_colors_info=&#8221;{}&#8221; theme_builder_area=&#8221;post_content&#8221;][et_pb_column type=&#8221;2_5&#8243; _builder_version=&#8221;4.14.6&#8243; _module_preset=&#8221;default&#8221; z_index=&#8221;22&#8243; custom_padding_last_edited=&#8221;off|tablet&#8221; global_colors_info=&#8221;{}&#8221; theme_builder_area=&#8221;post_content&#8221;][et_pb_text _builder_version=&#8221;4.14.8&#8243; _module_preset=&#8221;f0cf31b9-b2e7-4752-a57c-6e2f73347b36&#8243; text_font=&#8221;Cabin||||||||&#8221; text_text_color=&#8221;#442854&#8243; text_font_size=&#8221;18px&#8221; text_line_height=&#8221;1.8em&#8221; link_font=&#8221;||||on||||&#8221; link_text_color=&#8221;#442854&#8243; hover_enabled=&#8221;0&#8243; text_font_size_tablet=&#8221;16px&#8221; text_font_size_phone=&#8221;14px&#8221; text_font_size_last_edited=&#8221;on|tablet&#8221; header_font_size_tablet=&#8221;55px&#8221; header_font_size_last_edited=&#8221;off|desktop&#8221; global_colors_info=&#8221;{}&#8221; theme_builder_area=&#8221;post_content&#8221; sticky_enabled=&#8221;0&#8243;]<\/p>\n<p>Chcesz poczu\u0107 si\u0119 pi\u0119knie w ulubionej sukience, ale wci\u0105\u017c przeszkadza Ci oponka na brzuchu?<\/p>\n<p>Przyst\u0105p do 5-dniowego wyzwania i zmie\u0144 opon\u0119 na brzuchu z zimowej na letni\u0105.\u00a0<\/p>\n<p>Zadbaj o swoj\u0105 sylwetk\u0119 ju\u017c dzi\u015b!<\/p>\n<p>[\/et_pb_text][et_pb_button button_text=&#8221;Pobierz PDF za darmo&#8221; _builder_version=&#8221;4.14.8&#8243; _module_preset=&#8221;a30b17d4-93ca-4e94-b60e-0fad32ebe2b5&#8243; custom_button=&#8221;on&#8221; button_text_size=&#8221;18px&#8221; button_text_color=&#8221;#FFFFFF&#8221; button_bg_color=&#8221;#319885&#8243; button_border_width=&#8221;0px&#8221; button_border_radius=&#8221;50px&#8221; button_font=&#8221;Cormorant Infant|700|||||||&#8221; button_icon=&#8221;&#x24;||divi||400&#8243; custom_padding=&#8221;12px|32px|12px|32px|true|true&#8221; hover_enabled=&#8221;0&#8243; global_colors_info=&#8221;{}&#8221; theme_builder_area=&#8221;post_content&#8221; sticky_enabled=&#8221;0&#8243; button_url=&#8221;https:\/\/drive.google.com\/file\/d\/1p8Pr9yPxHPr6ulccC6PkJQ6s1HWHk1pN\/view?usp=sharing&#8221; button_bg_enable_color=&#8221;on&#8221;][\/et_pb_button][et_pb_button button_text=&#8221;LINK do darmowego wyzwania&#8221; _builder_version=&#8221;4.14.8&#8243; _module_preset=&#8221;a30b17d4-93ca-4e94-b60e-0fad32ebe2b5&#8243; custom_button=&#8221;on&#8221; button_text_size=&#8221;18px&#8221; button_text_color=&#8221;#FFFFFF&#8221; button_bg_color=&#8221;#319885&#8243; button_border_width=&#8221;0px&#8221; button_border_radius=&#8221;50px&#8221; button_font=&#8221;Cormorant Infant|700|||||||&#8221; button_icon=&#8221;&#x24;||divi||400&#8243; custom_padding=&#8221;12px|32px|12px|32px|true|true&#8221; hover_enabled=&#8221;0&#8243; global_colors_info=&#8221;{}&#8221; theme_builder_area=&#8221;post_content&#8221; sticky_enabled=&#8221;0&#8243; button_url=&#8221;https:\/\/www.youtube.com\/watch?v=B9HpaVG19nI&#038;list=PLM2JWu7MaRA3gneDPzaBmul08LgqApjwJ&#8221; button_bg_enable_color=&#8221;on&#8221;][\/et_pb_button][et_pb_social_media_follow icon_color=&#8221;#442854&#8243; use_icon_font_size=&#8221;on&#8221; icon_font_size=&#8221;25px&#8221; _builder_version=&#8221;4.14.8&#8243; _module_preset=&#8221;default&#8221; text_orientation=&#8221;center&#8221; hover_enabled=&#8221;0&#8243; border_radii=&#8221;on|23px|23px|23px|23px&#8221; global_colors_info=&#8221;{}&#8221; theme_builder_area=&#8221;post_content&#8221; sticky_enabled=&#8221;0&#8243;][et_pb_social_media_follow_network social_network=&#8221;instagram&#8221; _builder_version=&#8221;4.14.8&#8243; _module_preset=&#8221;default&#8221; background_color=&#8221;#319885&#8243; background_enable_color=&#8221;on&#8221; hover_enabled=&#8221;0&#8243; global_colors_info=&#8221;{}&#8221; theme_builder_area=&#8221;post_content&#8221; follow_button=&#8221;off&#8221; url_new_window=&#8221;on&#8221; url=&#8221;https:\/\/www.instagram.com\/studio_fit_me\/&#8221; sticky_enabled=&#8221;0&#8243;]instagram[\/et_pb_social_media_follow_network][et_pb_social_media_follow_network social_network=&#8221;facebook&#8221; background_color=&#8221;#319885&#8243; _builder_version=&#8221;4.14.8&#8243; _module_preset=&#8221;default&#8221; theme_builder_area=&#8221;post_content&#8221; follow_button=&#8221;off&#8221; url_new_window=&#8221;on&#8221; url=&#8221;https:\/\/www.facebook.com\/Studiofitme1&#8243; hover_enabled=&#8221;0&#8243; sticky_enabled=&#8221;0&#8243; background_enable_color=&#8221;on&#8221;]facebook[\/et_pb_social_media_follow_network][\/et_pb_social_media_follow][\/et_pb_column][et_pb_column type=&#8221;3_5&#8243; _builder_version=&#8221;4.14.5&#8243; _module_preset=&#8221;default&#8221; global_colors_info=&#8221;{}&#8221; theme_builder_area=&#8221;post_content&#8221;][et_pb_image src=&#8221;https:\/\/fitnesskobiet.pl\/wp-content\/uploads\/2022\/05\/6.jpg&#8221; title_text=&#8221;6&#8243; _builder_version=&#8221;4.14.8&#8243; _module_preset=&#8221;default&#8221; custom_margin=&#8221;-10%|10%||-30%|false|false&#8221; custom_margin_tablet=&#8221;0%|0%||0%|false|false&#8221; custom_margin_phone=&#8221;0%|0%||0%|false|false&#8221; custom_margin_last_edited=&#8221;on|tablet&#8221; custom_padding=&#8221;||0px|||&#8221; hover_enabled=&#8221;0&#8243; global_colors_info=&#8221;{}&#8221; theme_builder_area=&#8221;post_content&#8221; sticky_enabled=&#8221;0&#8243;][\/et_pb_image][\/et_pb_column][\/et_pb_row][\/et_pb_section][et_pb_section fb_built=&#8221;1&#8243; _builder_version=&#8221;4.14.8&#8243; _module_preset=&#8221;default&#8221; custom_padding=&#8221;0px||0px|||&#8221; global_colors_info=&#8221;{}&#8221; theme_builder_area=&#8221;post_content&#8221;][et_pb_row _builder_version=&#8221;4.14.8&#8243; _module_preset=&#8221;default&#8221; global_colors_info=&#8221;{}&#8221; theme_builder_area=&#8221;post_content&#8221;][et_pb_column type=&#8221;4_4&#8243; _builder_version=&#8221;4.14.8&#8243; _module_preset=&#8221;default&#8221; global_colors_info=&#8221;{}&#8221; theme_builder_area=&#8221;post_content&#8221;][et_pb_text _builder_version=&#8221;4.14.8&#8243; _module_preset=&#8221;default&#8221; hover_enabled=&#8221;0&#8243; global_colors_info=&#8221;{}&#8221; theme_builder_area=&#8221;post_content&#8221; custom_padding=&#8221;||0px|||&#8221; link_option_url=&#8221;https:\/\/drive.google.com\/file\/d\/1tzr61BvT5Yf0NgxHCfqCJ8UUBOrmVEiX\/view?usp=sharing&#8221; sticky_enabled=&#8221;0&#8243;]<\/p>\n<p>Polityka prywatno\u015bci<\/p>\n<p>[\/et_pb_text][\/et_pb_column][\/et_pb_row][\/et_pb_section]<\/p>\n","protected":false},"excerpt":{"rendered":"<p>POBIERZ PDF Wszystko przebieg\u0142o poprawnie i ju\u017c jeste\u015b zapisana! Webinar rozpocznie si\u0119 data\/godzina i dostaniesz osobno powiadomienie na e-mail na godzin\u0119 przed rozpocz\u0119ciem.Czy marzysz o p\u0142askim brzuchu?Chcesz poczu\u0107 si\u0119 pi\u0119knie w ulubionej sukience, ale wci\u0105\u017c przeszkadza Ci oponka na brzuchu? Przyst\u0105p do 5-dniowego wyzwania i zmie\u0144 opon\u0119 na brzuchu z zimowej na letni\u0105.\u00a0 Zadbaj o [&hellip;]<\/p>\n","protected":false},"author":1,"featured_media":0,"parent":0,"menu_order":0,"comment_status":"closed","ping_status":"closed","template":"","meta":{"_et_pb_use_builder":"on","_et_pb_old_content":"","_et_gb_content_width":"","footnotes":""},"class_list":["post-42","page","type-page","status-publish","hentry"],"_links":{"self":[{"href":"https:\/\/fitnesskobiet.pl\/index.php?rest_route=\/wp\/v2\/pages\/42","targetHints":{"allow":["GET"]}}],"collection":[{"href":"https:\/\/fitnesskobiet.pl\/index.php?rest_route=\/wp\/v2\/pages"}],"about":[{"href":"https:\/\/fitnesskobiet.pl\/index.php?rest_route=\/wp\/v2\/types\/page"}],"author":[{"embeddable":true,"href":"https:\/\/fitnesskobiet.pl\/index.php?rest_route=\/wp\/v2\/users\/1"}],"replies":[{"embeddable":true,"href":"https:\/\/fitnesskobiet.pl\/index.php?rest_route=%2Fwp%2Fv2%2Fcomments&post=42"}],"version-history":[{"count":5,"href":"https:\/\/fitnesskobiet.pl\/index.php?rest_route=\/wp\/v2\/pages\/42\/revisions"}],"predecessor-version":[{"id":56,"href":"https:\/\/fitnesskobiet.pl\/index.php?rest_route=\/wp\/v2\/pages\/42\/revisions\/56"}],"wp:attachment":[{"href":"https:\/\/fitnesskobiet.pl\/index.php?rest_route=%2Fwp%2Fv2%2Fmedia&parent=42"}],"curies":[{"name":"wp","href":"https:\/\/api.w.org\/{rel}","templated":true}]}}