{"id":20,"date":"2022-05-05T12:07:56","date_gmt":"2022-05-05T12:07:56","guid":{"rendered":"https:\/\/fitnesskobiet.pl\/?page_id=20"},"modified":"2022-06-29T20:35:40","modified_gmt":"2022-06-29T20:35:40","slug":"pobierz-pdf","status":"publish","type":"page","link":"https:\/\/fitnesskobiet.pl\/?page_id=20","title":{"rendered":"Pobierz PDF"},"content":{"rendered":"<p>[et_pb_section fb_built=&#8221;1&#8243; admin_label=&#8221;Call to Action&#8221; _builder_version=&#8221;4.14.8&#8243; _module_preset=&#8221;default&#8221; background_color=&#8221;#ffeadd&#8221; custom_padding=&#8221;37px|||||&#8221; global_colors_info=&#8221;{}&#8221;][et_pb_row column_structure=&#8221;1_2,1_2&#8243; _builder_version=&#8221;4.14.6&#8243; _module_preset=&#8221;default&#8221; global_colors_info=&#8221;{}&#8221;][et_pb_column type=&#8221;1_2&#8243; _builder_version=&#8221;4.14.5&#8243; _module_preset=&#8221;default&#8221; global_colors_info=&#8221;{}&#8221;][et_pb_image src=&#8221;https:\/\/fitnesskobiet.pl\/wp-content\/uploads\/2022\/05\/Studio-Fit-me-sprawdz-typ-swojej-sylwetki.jpg&#8221; title_text=&#8221;Studio-Fit-me-sprawdz-typ-swojej-sylwetki&#8221; _builder_version=&#8221;4.14.8&#8243; _module_preset=&#8221;default&#8221; z_index=&#8221;1&#8243; width=&#8221;100%&#8221; module_alignment=&#8221;right&#8221; module_alignment_tablet=&#8221;center&#8221; module_alignment_phone=&#8221;center&#8221; module_alignment_last_edited=&#8221;on|phone&#8221; border_radii=&#8221;off||||&#8221; global_colors_info=&#8221;{}&#8221;][\/et_pb_image][\/et_pb_column][et_pb_column type=&#8221;1_2&#8243; _builder_version=&#8221;4.14.5&#8243; _module_preset=&#8221;default&#8221; global_colors_info=&#8221;{}&#8221;][et_pb_text disabled_on=&#8221;on|off|off&#8221; _builder_version=&#8221;4.14.8&#8243; _module_preset=&#8221;b6cb9bd8-0fbd-4699-b58d-51b3d480db23&#8243; text_font=&#8221;Cormorant Infant|700|||||||&#8221; text_text_color=&#8221;#442854&#8243; text_font_size=&#8221;36px&#8221; text_line_height=&#8221;1em&#8221; header_2_font=&#8221;Cormorant Infant|700|||||||&#8221; header_2_text_color=&#8221;#442854&#8243; header_2_font_size=&#8221;67px&#8221; header_2_line_height=&#8221;0.95em&#8221; custom_margin=&#8221;32px||||false|false&#8221; custom_padding=&#8221;2px||||false|false&#8221; hover_enabled=&#8221;0&#8243; text_font_size_tablet=&#8221;24px&#8221; text_font_size_phone=&#8221;27px&#8221; text_font_size_last_edited=&#8221;on|phone&#8221; header_2_font_size_tablet=&#8221;32px&#8221; header_2_font_size_phone=&#8221;42px&#8221; header_2_font_size_last_edited=&#8221;on|desktop&#8221; global_colors_info=&#8221;{}&#8221; sticky_enabled=&#8221;0&#8243;]<\/p>\n<h2 style=\"text-align: center;\">Pobierz PDF<\/h2>\n<h2 style=\"text-align: center;\"><\/h2>\n<p style=\"text-align: center;\">Zapisz si\u0119 na newsletter i odbierz PDF w prezencie!<\/p>\n<p>[\/et_pb_text][et_pb_code _builder_version=&#8221;4.14.8&#8243; _module_preset=&#8221;default&#8221; global_colors_info=&#8221;{}&#8221;]<\/p>\n<div class=\"ml-form-embed\"<!-- [et_pb_line_break_holder] -->  data-account=&#8221;3722915:v0z6y7p2l6&#8243;<!-- [et_pb_line_break_holder] -->  data-form=&#8221;5715046:l3o0u6&#8243;><!-- [et_pb_line_break_holder] --><\/div>\n<p>[\/et_pb_code][\/et_pb_column][\/et_pb_row][\/et_pb_section][et_pb_section fb_built=&#8221;1&#8243; _builder_version=&#8221;4.14.8&#8243; _module_preset=&#8221;default&#8221; custom_padding=&#8221;0px||0px|||&#8221; global_colors_info=&#8221;{}&#8221;][et_pb_row _builder_version=&#8221;4.14.8&#8243; _module_preset=&#8221;default&#8221; global_colors_info=&#8221;{}&#8221;][et_pb_column type=&#8221;4_4&#8243; _builder_version=&#8221;4.14.8&#8243; _module_preset=&#8221;default&#8221; global_colors_info=&#8221;{}&#8221;][\/et_pb_column][\/et_pb_row][\/et_pb_section]<\/p>\n","protected":false},"excerpt":{"rendered":"<p>Pobierz PDF i dowiedz si\u0119, jaki masz typ sylwetki i szybciej osi\u0105gnij swoj\u0105 wymarzon\u0105 sylwetk\u0119.<\/p>\n","protected":false},"author":1,"featured_media":21,"parent":0,"menu_order":0,"comment_status":"closed","ping_status":"closed","template":"page-template-blank.php","meta":{"_et_pb_use_builder":"on","_et_pb_old_content":"","_et_gb_content_width":"","footnotes":""},"class_list":["post-20","page","type-page","status-publish","has-post-thumbnail","hentry"],"_links":{"self":[{"href":"https:\/\/fitnesskobiet.pl\/index.php?rest_route=\/wp\/v2\/pages\/20","targetHints":{"allow":["GET"]}}],"collection":[{"href":"https:\/\/fitnesskobiet.pl\/index.php?rest_route=\/wp\/v2\/pages"}],"about":[{"href":"https:\/\/fitnesskobiet.pl\/index.php?rest_route=\/wp\/v2\/types\/page"}],"author":[{"embeddable":true,"href":"https:\/\/fitnesskobiet.pl\/index.php?rest_route=\/wp\/v2\/users\/1"}],"replies":[{"embeddable":true,"href":"https:\/\/fitnesskobiet.pl\/index.php?rest_route=%2Fwp%2Fv2%2Fcomments&post=20"}],"version-history":[{"count":10,"href":"https:\/\/fitnesskobiet.pl\/index.php?rest_route=\/wp\/v2\/pages\/20\/revisions"}],"predecessor-version":[{"id":202,"href":"https:\/\/fitnesskobiet.pl\/index.php?rest_route=\/wp\/v2\/pages\/20\/revisions\/202"}],"wp:featuredmedia":[{"embeddable":true,"href":"https:\/\/fitnesskobiet.pl\/index.php?rest_route=\/wp\/v2\/media\/21"}],"wp:attachment":[{"href":"https:\/\/fitnesskobiet.pl\/index.php?rest_route=%2Fwp%2Fv2%2Fmedia&parent=20"}],"curies":[{"name":"wp","href":"https:\/\/api.w.org\/{rel}","templated":true}]}}